{"id":960,"date":"2024-12-05T18:06:20","date_gmt":"2024-12-05T16:06:20","guid":{"rendered":"https:\/\/www.bergougnan-tires.com\/?post_type=product&#038;p=960"},"modified":"2026-04-10T16:43:10","modified_gmt":"2026-04-10T14:43:10","slug":"precommande-700b-standard-700x35b-37-635","status":"publish","type":"product","link":"https:\/\/www.bergougnan-tires.com\/en\/product\/precommande-700b-standard-700x35b-37-635\/","title":{"rendered":"PRECOMMANDE &#8211; 700B Standard &#8211; 700x35B &#8211; (37-635)"},"content":{"rendered":"<h5><strong>Le grand classique du collectionneur\u00a0!<\/strong><\/h5>\n<p>Depuis le d\u00e9but du pneumatique, de nombreuses tailles ont cohabit\u00e9. Des jantes plus ou moins grandes (A, B, C\u2026), plus ou moins larges\u2026 Un v\u00e9ritable casse-t\u00eate pour le cycliste ! D\u00e9j\u00e0 en 1906, la Chambre Syndicale du Cycle tentera d\u2019uniformiser la production autour des diam\u00e8tres de jantes \u00ab C \u00bb (650C, 700C\u2026). Cette tentative aura un succ\u00e8s limit\u00e9, et c\u2019est finalement au d\u00e9but des ann\u00e9es 1920 qu\u2019un \u00ab Standard \u00bb \u00e9merge. Contrairement \u00e0 la tentative pr\u00e9c\u00e9dente, il s\u2019\u00e9tablira autour des diam\u00e8tres de jantes \u00ab B \u00bb. <em><u>(<a href=\"https:\/\/www.bergougnan-tires.com\/en\/conseils\/\">En savoir plus sur les types et tailles de pneumatiques<\/a>)<\/u><\/em><\/p>\n<p>Le <strong>700 Standard<\/strong> correspond aux jantes de 648 \u00e0 650mm de diam\u00e8tre bord \u00e0 bord. Sa largeur est d\u00e9finie \u00e0 35mm. C\u2019est la taille qui \u00e9quipe la quasi-totalit\u00e9 des v\u00e9los de tourisme entre 1920-1950.<\/p>\n<p>Ce mod\u00e8le, avec sa bande de roulement rectiligne s\u2019impose gr\u00e2ce \u00e0 son design \u00e9l\u00e9gant et \u00e9pur\u00e9. Il poss\u00e8de un tr\u00e8s bon roulement.<\/p>\n<p>\u00c0 partir des ann\u00e9es 1920, l\u2019\u00e9clairage \u00e9lectrique des bicyclettes devient \u00e9galement la norme. Ce pneu 700B poss\u00e8de des pistes nervur\u00e9es de chaque c\u00f4t\u00e9 pour entra\u00eener\u00a0 la dynamo.<\/p>\n<h3><\/h3>\n<h5><strong>Disponible en trois couleurs : blanc, rouge et noir<\/strong><\/h5>\n<p>Le 700B blanc va apporter beaucoup d\u2019\u00e9l\u00e9gance \u00e0 votre v\u00e9lo de collection. En rouge, il donnera un style plus sportif. Enfin, le noir, plus discret, mettra en valeur le cadre et les accessoires de votre v\u00e9lo. C\u2019est parfois la couleur \u00e0 privil\u00e9gier avec un cadre \u00e9maill\u00e9 de couleur claire ou vive.<\/p>\n<p>&nbsp;<\/p>\n<h5>Pr\u00e9commandez d\u00e8s maintenant le grand classique BERGOUGNAN 700B que m\u00e9rite votre v\u00e9lo de collection !<\/h5>\n<p><strong>Avec ces pneumatiques, votre v\u00e9lo ancien va retrouver un style authentique et \u00e9poustouflant !<\/strong><\/p>\n<p>&nbsp;<\/p>\n<p><em>Pneumatique vendu \u00e0 l&#8217;unit\u00e9. Seul, sans jante, ni chambre \u00e0 air.<\/em><\/p>","protected":false},"excerpt":{"rendered":"<h4>R\u00e9servez d\u00e8s aujourd&#8217;hui vos pneumatiques 700B STANDARD !<\/h4>\n<p><strong><em>R\u00e9servation gratuite et sans engagement. On vous recontactera d\u00e8s le produit disponible pour finaliser la commande.<\/em><\/strong><\/p>\n<p>&nbsp;<\/p>\n<p>Le 700B Standard, le classique indispensable du collectionneur\u00a0!<\/p>\n<p>700B blanc, 700B rouge ou noir, adaptez vos pneus \u00e0 vos go\u00fbts et \u00e0 votre monture !<\/p>\n<p>&nbsp;<\/p>","protected":false},"featured_media":1132,"template":"","meta":{"_monsterinsights_skip_tracking":false,"_monsterinsights_sitenote_active":false,"_monsterinsights_sitenote_note":"","_monsterinsights_sitenote_category":0,"_kad_post_transparent":"default","_kad_post_title":"","_kad_post_layout":"default","_kad_post_sidebar_id":"","_kad_post_content_style":"default","_kad_post_vertical_padding":"default","_kad_post_feature":"","_kad_post_feature_position":"","_kad_post_header":false,"_kad_post_footer":false},"product_cat":[32],"product_tag":[],"class_list":{"0":"post-960","1":"product","2":"type-product","3":"status-publish","4":"has-post-thumbnail","6":"product_cat-pneumatiques","7":"product_shipping_class-pair_of_tires","8":"pa_couleur-blanc","9":"pa_couleur-noir","10":"pa_couleur-rouge","11":"pa_dimension-700b","13":"first","14":"instock","15":"shipping-taxable","16":"purchasable","17":"product-type-variable","18":"entry","19":"content-bg","20":"loop-entry"},"yoast_head":"<!-- This site is optimized with the Yoast SEO plugin v27.5 - https:\/\/yoast.com\/product\/yoast-seo-wordpress\/ -->\n<title>Pneu v\u00e9lo - PRECOMMANDE - 700B Standard - 700x35B - (37-635)<\/title>\n<meta name=\"description\" content=\"Le pneu v\u00e9lo 700B Standard ! Disponible en rouge, blanc ou noir. C&#039;est le pneu standard des ann\u00e9es 1920 \u00e0 1940. ETRTO : 37-635\" \/>\n<meta name=\"robots\" content=\"index, follow, max-snippet:-1, max-image-preview:large, max-video-preview:-1\" \/>\n<link rel=\"canonical\" href=\"https:\/\/www.bergougnan-tires.com\/en\/product\/precommande-700b-standard-700x35b-37-635\/\" \/>\n<meta property=\"og:locale\" content=\"en_GB\" \/>\n<meta property=\"og:type\" content=\"article\" \/>\n<meta property=\"og:title\" content=\"Pneu v\u00e9lo - PRECOMMANDE - 700B Standard - 700x35B - (37-635)\" \/>\n<meta property=\"og:description\" content=\"Le pneu v\u00e9lo 700B Standard ! Disponible en rouge, blanc ou noir. C&#039;est le pneu standard des ann\u00e9es 1920 \u00e0 1940. ETRTO : 37-635\" \/>\n<meta property=\"og:url\" content=\"https:\/\/www.bergougnan-tires.com\/en\/product\/precommande-700b-standard-700x35b-37-635\/\" \/>\n<meta property=\"og:site_name\" content=\"Les pneus authentiques et performants pour vos v\u00e9los anciens et de collection.\" \/>\n<meta property=\"article:modified_time\" content=\"2026-04-10T14:43:10+00:00\" \/>\n<meta property=\"og:image\" content=\"https:\/\/www.bergougnan-tires.com\/wp-content\/uploads\/2024\/12\/Pneu-velo-ancien-BERGOUGNAN-700x35B-37-635-700B-Standard-Blanc-Rouge-Noir-Coming_soon.jpg\" \/>\n\t<meta property=\"og:image:width\" content=\"1200\" \/>\n\t<meta property=\"og:image:height\" content=\"1200\" \/>\n\t<meta property=\"og:image:type\" content=\"image\/jpeg\" \/>\n<meta name=\"twitter:card\" content=\"summary_large_image\" \/>\n<meta name=\"twitter:label1\" content=\"Estimated reading time\" \/>\n\t<meta name=\"twitter:data1\" content=\"2 minutes\" \/>\n<script type=\"application\/ld+json\" class=\"yoast-schema-graph\">{\"@context\":\"https:\\\/\\\/schema.org\",\"@graph\":[{\"@type\":\"WebPage\",\"@id\":\"https:\\\/\\\/www.bergougnan-tires.com\\\/produit\\\/precommande-700b-standard-700x35b-37-635\\\/\",\"url\":\"https:\\\/\\\/www.bergougnan-tires.com\\\/produit\\\/precommande-700b-standard-700x35b-37-635\\\/\",\"name\":\"Pneu v\u00e9lo - PRECOMMANDE - 700B Standard - 700x35B - (37-635)\",\"isPartOf\":{\"@id\":\"https:\\\/\\\/www.bergougnan-tires.com\\\/#website\"},\"primaryImageOfPage\":{\"@id\":\"https:\\\/\\\/www.bergougnan-tires.com\\\/produit\\\/precommande-700b-standard-700x35b-37-635\\\/#primaryimage\"},\"image\":{\"@id\":\"https:\\\/\\\/www.bergougnan-tires.com\\\/produit\\\/precommande-700b-standard-700x35b-37-635\\\/#primaryimage\"},\"thumbnailUrl\":\"https:\\\/\\\/www.bergougnan-tires.com\\\/wp-content\\\/uploads\\\/2024\\\/12\\\/Pneu-velo-ancien-BERGOUGNAN-700x35B-37-635-700B-Standard-Blanc-Rouge-Noir-Coming_soon.jpg\",\"datePublished\":\"2024-12-05T16:06:20+00:00\",\"dateModified\":\"2026-04-10T14:43:10+00:00\",\"description\":\"Le pneu v\u00e9lo 700B Standard ! Disponible en rouge, blanc ou noir. C'est le pneu standard des ann\u00e9es 1920 \u00e0 1940. ETRTO : 37-635\",\"breadcrumb\":{\"@id\":\"https:\\\/\\\/www.bergougnan-tires.com\\\/produit\\\/precommande-700b-standard-700x35b-37-635\\\/#breadcrumb\"},\"inLanguage\":\"en-GB\",\"potentialAction\":[{\"@type\":\"ReadAction\",\"target\":[\"https:\\\/\\\/www.bergougnan-tires.com\\\/produit\\\/precommande-700b-standard-700x35b-37-635\\\/\"]}]},{\"@type\":\"ImageObject\",\"inLanguage\":\"en-GB\",\"@id\":\"https:\\\/\\\/www.bergougnan-tires.com\\\/produit\\\/precommande-700b-standard-700x35b-37-635\\\/#primaryimage\",\"url\":\"https:\\\/\\\/www.bergougnan-tires.com\\\/wp-content\\\/uploads\\\/2024\\\/12\\\/Pneu-velo-ancien-BERGOUGNAN-700x35B-37-635-700B-Standard-Blanc-Rouge-Noir-Coming_soon.jpg\",\"contentUrl\":\"https:\\\/\\\/www.bergougnan-tires.com\\\/wp-content\\\/uploads\\\/2024\\\/12\\\/Pneu-velo-ancien-BERGOUGNAN-700x35B-37-635-700B-Standard-Blanc-Rouge-Noir-Coming_soon.jpg\",\"width\":1200,\"height\":1200,\"caption\":\"Pneu v\u00e9lo ancien BERGOUGNAN 700x35B 37 635 700B Standard Blanc Rouge Noir Coming soon\"},{\"@type\":\"BreadcrumbList\",\"@id\":\"https:\\\/\\\/www.bergougnan-tires.com\\\/produit\\\/precommande-700b-standard-700x35b-37-635\\\/#breadcrumb\",\"itemListElement\":[{\"@type\":\"ListItem\",\"position\":1,\"name\":\"Accueil\",\"item\":\"https:\\\/\\\/www.bergougnan-tires.com\\\/\"},{\"@type\":\"ListItem\",\"position\":2,\"name\":\"Boutique\",\"item\":\"https:\\\/\\\/www.bergougnan-tires.com\\\/boutique\\\/\"},{\"@type\":\"ListItem\",\"position\":3,\"name\":\"PRECOMMANDE &#8211; 700B Standard &#8211; 700x35B &#8211; (37-635)\"}]},{\"@type\":\"WebSite\",\"@id\":\"https:\\\/\\\/www.bergougnan-tires.com\\\/#website\",\"url\":\"https:\\\/\\\/www.bergougnan-tires.com\\\/\",\"name\":\"Bergougnan - Les pneus authentiques et performants pour vos v\u00e9los anciens et de collection.\",\"description\":\"D\u00e9couvrez nos incroyables r\u00e9\u00e9ditions de nos pneumatiques d&#039;\u00e9poque, pour les collectionneurs de v\u00e9lo rigoureux et passionn\u00e9s.\",\"publisher\":{\"@id\":\"https:\\\/\\\/www.bergougnan-tires.com\\\/#organization\"},\"potentialAction\":[{\"@type\":\"SearchAction\",\"target\":{\"@type\":\"EntryPoint\",\"urlTemplate\":\"https:\\\/\\\/www.bergougnan-tires.com\\\/?s={search_term_string}\"},\"query-input\":{\"@type\":\"PropertyValueSpecification\",\"valueRequired\":true,\"valueName\":\"search_term_string\"}}],\"inLanguage\":\"en-GB\"},{\"@type\":\"Organization\",\"@id\":\"https:\\\/\\\/www.bergougnan-tires.com\\\/#organization\",\"name\":\"Bergougnan - Les pneus authentiques et performants pour vos v\u00e9los anciens et de collection.\",\"url\":\"https:\\\/\\\/www.bergougnan-tires.com\\\/\",\"logo\":{\"@type\":\"ImageObject\",\"inLanguage\":\"en-GB\",\"@id\":\"https:\\\/\\\/www.bergougnan-tires.com\\\/#\\\/schema\\\/logo\\\/image\\\/\",\"url\":\"https:\\\/\\\/www.bergougnan-tires.com\\\/wp-content\\\/uploads\\\/2025\\\/06\\\/Logo_BERGOUGNAN-Brown-350px.png\",\"contentUrl\":\"https:\\\/\\\/www.bergougnan-tires.com\\\/wp-content\\\/uploads\\\/2025\\\/06\\\/Logo_BERGOUGNAN-Brown-350px.png\",\"width\":350,\"height\":35,\"caption\":\"Bergougnan - Les pneus authentiques et performants pour vos v\u00e9los anciens et de collection.\"},\"image\":{\"@id\":\"https:\\\/\\\/www.bergougnan-tires.com\\\/#\\\/schema\\\/logo\\\/image\\\/\"}}]}<\/script>\n<!-- \/ Yoast SEO plugin. -->","yoast_head_json":{"title":"Pneu v\u00e9lo - PRECOMMANDE - 700B Standard - 700x35B - (37-635)","description":"Le pneu v\u00e9lo 700B Standard ! Disponible en rouge, blanc ou noir. C'est le pneu standard des ann\u00e9es 1920 \u00e0 1940. ETRTO : 37-635","robots":{"index":"index","follow":"follow","max-snippet":"max-snippet:-1","max-image-preview":"max-image-preview:large","max-video-preview":"max-video-preview:-1"},"canonical":"https:\/\/www.bergougnan-tires.com\/en\/product\/precommande-700b-standard-700x35b-37-635\/","og_locale":"en_GB","og_type":"article","og_title":"Pneu v\u00e9lo - PRECOMMANDE - 700B Standard - 700x35B - (37-635)","og_description":"Le pneu v\u00e9lo 700B Standard ! Disponible en rouge, blanc ou noir. C'est le pneu standard des ann\u00e9es 1920 \u00e0 1940. ETRTO : 37-635","og_url":"https:\/\/www.bergougnan-tires.com\/en\/product\/precommande-700b-standard-700x35b-37-635\/","og_site_name":"Les pneus authentiques et performants pour vos v\u00e9los anciens et de collection.","article_modified_time":"2026-04-10T14:43:10+00:00","og_image":[{"width":1200,"height":1200,"url":"https:\/\/www.bergougnan-tires.com\/wp-content\/uploads\/2024\/12\/Pneu-velo-ancien-BERGOUGNAN-700x35B-37-635-700B-Standard-Blanc-Rouge-Noir-Coming_soon.jpg","type":"image\/jpeg"}],"twitter_card":"summary_large_image","twitter_misc":{"Estimated reading time":"2 minutes"},"schema":{"@context":"https:\/\/schema.org","@graph":[{"@type":"WebPage","@id":"https:\/\/www.bergougnan-tires.com\/produit\/precommande-700b-standard-700x35b-37-635\/","url":"https:\/\/www.bergougnan-tires.com\/produit\/precommande-700b-standard-700x35b-37-635\/","name":"Pneu v\u00e9lo - PRECOMMANDE - 700B Standard - 700x35B - (37-635)","isPartOf":{"@id":"https:\/\/www.bergougnan-tires.com\/#website"},"primaryImageOfPage":{"@id":"https:\/\/www.bergougnan-tires.com\/produit\/precommande-700b-standard-700x35b-37-635\/#primaryimage"},"image":{"@id":"https:\/\/www.bergougnan-tires.com\/produit\/precommande-700b-standard-700x35b-37-635\/#primaryimage"},"thumbnailUrl":"https:\/\/www.bergougnan-tires.com\/wp-content\/uploads\/2024\/12\/Pneu-velo-ancien-BERGOUGNAN-700x35B-37-635-700B-Standard-Blanc-Rouge-Noir-Coming_soon.jpg","datePublished":"2024-12-05T16:06:20+00:00","dateModified":"2026-04-10T14:43:10+00:00","description":"Le pneu v\u00e9lo 700B Standard ! Disponible en rouge, blanc ou noir. C'est le pneu standard des ann\u00e9es 1920 \u00e0 1940. ETRTO : 37-635","breadcrumb":{"@id":"https:\/\/www.bergougnan-tires.com\/produit\/precommande-700b-standard-700x35b-37-635\/#breadcrumb"},"inLanguage":"en-GB","potentialAction":[{"@type":"ReadAction","target":["https:\/\/www.bergougnan-tires.com\/produit\/precommande-700b-standard-700x35b-37-635\/"]}]},{"@type":"ImageObject","inLanguage":"en-GB","@id":"https:\/\/www.bergougnan-tires.com\/produit\/precommande-700b-standard-700x35b-37-635\/#primaryimage","url":"https:\/\/www.bergougnan-tires.com\/wp-content\/uploads\/2024\/12\/Pneu-velo-ancien-BERGOUGNAN-700x35B-37-635-700B-Standard-Blanc-Rouge-Noir-Coming_soon.jpg","contentUrl":"https:\/\/www.bergougnan-tires.com\/wp-content\/uploads\/2024\/12\/Pneu-velo-ancien-BERGOUGNAN-700x35B-37-635-700B-Standard-Blanc-Rouge-Noir-Coming_soon.jpg","width":1200,"height":1200,"caption":"Pneu v\u00e9lo ancien BERGOUGNAN 700x35B 37 635 700B Standard Blanc Rouge Noir Coming soon"},{"@type":"BreadcrumbList","@id":"https:\/\/www.bergougnan-tires.com\/produit\/precommande-700b-standard-700x35b-37-635\/#breadcrumb","itemListElement":[{"@type":"ListItem","position":1,"name":"Accueil","item":"https:\/\/www.bergougnan-tires.com\/"},{"@type":"ListItem","position":2,"name":"Boutique","item":"https:\/\/www.bergougnan-tires.com\/boutique\/"},{"@type":"ListItem","position":3,"name":"PRECOMMANDE &#8211; 700B Standard &#8211; 700x35B &#8211; (37-635)"}]},{"@type":"WebSite","@id":"https:\/\/www.bergougnan-tires.com\/#website","url":"https:\/\/www.bergougnan-tires.com\/","name":"Bergougnan - Les pneus authentiques et performants pour vos v\u00e9los anciens et de collection.","description":"D\u00e9couvrez nos incroyables r\u00e9\u00e9ditions de nos pneumatiques d&#039;\u00e9poque, pour les collectionneurs de v\u00e9lo rigoureux et passionn\u00e9s.","publisher":{"@id":"https:\/\/www.bergougnan-tires.com\/#organization"},"potentialAction":[{"@type":"SearchAction","target":{"@type":"EntryPoint","urlTemplate":"https:\/\/www.bergougnan-tires.com\/?s={search_term_string}"},"query-input":{"@type":"PropertyValueSpecification","valueRequired":true,"valueName":"search_term_string"}}],"inLanguage":"en-GB"},{"@type":"Organization","@id":"https:\/\/www.bergougnan-tires.com\/#organization","name":"Bergougnan - Les pneus authentiques et performants pour vos v\u00e9los anciens et de collection.","url":"https:\/\/www.bergougnan-tires.com\/","logo":{"@type":"ImageObject","inLanguage":"en-GB","@id":"https:\/\/www.bergougnan-tires.com\/#\/schema\/logo\/image\/","url":"https:\/\/www.bergougnan-tires.com\/wp-content\/uploads\/2025\/06\/Logo_BERGOUGNAN-Brown-350px.png","contentUrl":"https:\/\/www.bergougnan-tires.com\/wp-content\/uploads\/2025\/06\/Logo_BERGOUGNAN-Brown-350px.png","width":350,"height":35,"caption":"Bergougnan - Les pneus authentiques et performants pour vos v\u00e9los anciens et de collection."},"image":{"@id":"https:\/\/www.bergougnan-tires.com\/#\/schema\/logo\/image\/"}}]}},"jetpack_sharing_enabled":true,"_links":{"self":[{"href":"https:\/\/www.bergougnan-tires.com\/en\/wp-json\/wp\/v2\/product\/960","targetHints":{"allow":["GET"]}}],"collection":[{"href":"https:\/\/www.bergougnan-tires.com\/en\/wp-json\/wp\/v2\/product"}],"about":[{"href":"https:\/\/www.bergougnan-tires.com\/en\/wp-json\/wp\/v2\/types\/product"}],"wp:featuredmedia":[{"embeddable":true,"href":"https:\/\/www.bergougnan-tires.com\/en\/wp-json\/wp\/v2\/media\/1132"}],"wp:attachment":[{"href":"https:\/\/www.bergougnan-tires.com\/en\/wp-json\/wp\/v2\/media?parent=960"}],"wp:term":[{"taxonomy":"product_cat","embeddable":true,"href":"https:\/\/www.bergougnan-tires.com\/en\/wp-json\/wp\/v2\/product_cat?post=960"},{"taxonomy":"product_tag","embeddable":true,"href":"https:\/\/www.bergougnan-tires.com\/en\/wp-json\/wp\/v2\/product_tag?post=960"}],"curies":[{"name":"wp","href":"https:\/\/api.w.org\/{rel}","templated":true}]}}